{"id":71,"date":"2023-10-24T13:34:47","date_gmt":"2023-10-24T13:34:47","guid":{"rendered":"https:\/\/poljoprivrednica.hr\/?page_id=71"},"modified":"2024-02-20T11:42:05","modified_gmt":"2024-02-20T11:42:05","slug":"kontakt","status":"publish","type":"page","link":"https:\/\/poljoprivrednica.hr\/?page_id=71","title":{"rendered":"Kontakt"},"content":{"rendered":"<p>Mobilni telefon: +385 95 3736088 (od 8.00 h do 17.00 h)<\/p>\n<p>E-mail: pavichland@gmail.com (od 0.00h-24.00h)<\/p>\n<p>Adresa: Trg Zrinskih i Frankopana 23, 47240 Slunj (zgrada Fine, ulaz sa stra\u017enje strane, I. kat, crna vrata ravno)<\/p>\n<p>&nbsp;<\/p>\n<p>NAPOMENA:<\/p>\n<p>Radno vrijeme ureda je isklju\u010divo po dogovoru.<\/p>\n<p>Za informiranje o slobodnom terminu za sastanak kontaktirajte na +385 95 3736088 (od 8.00 h do 17.00 h).<\/p>\n<p>&nbsp;<\/p>\n","protected":false},"excerpt":{"rendered":"<p>Mobilni telefon: +385 95 3736088 (od 8.00 h do 17.00 h) E-mail: pavichland@gmail.com (od 0.00h-24.00h) Adresa: Trg Zrinskih i Frankopana 23, 47240 Slunj (zgrada Fine, ulaz sa stra\u017enje strane, I. kat, crna vrata ravno) &nbsp; NAPOMENA: Radno vrijeme ureda je isklju\u010divo po dogovoru. Za informiranje o slobodnom terminu za sastanak kontaktirajte na +385 95 3736088&#8230;<\/p>\n","protected":false},"author":1,"featured_media":0,"parent":0,"menu_order":0,"comment_status":"closed","ping_status":"closed","template":"","meta":{"jetpack_post_was_ever_published":false,"footnotes":""},"class_list":["post-71","page","type-page","status-publish","hentry"],"jetpack_sharing_enabled":true,"jetpack-related-posts":[{"id":139,"url":"https:\/\/poljoprivrednica.hr\/?page_id=139","url_meta":{"origin":71,"position":0},"title":"Pitanja i odgovori","author":"admin","date":"19 studenoga, 2023","format":false,"excerpt":"Mogu li kada sam \"usput\" svratiti do va\u0161eg ureda? Radno vrijeme ureda je isklju\u010divo po dogovoru, tako da nije mogu\u0107e \"usput\" svratiti do ureda. Za informiranje o slobodnom terminu za sastanak kontaktirajte na +385 95 3736088 (od 8.00 h do 17.00 h). \u00a0 I\u0161ao bi na fondove samo ako \u0107u\u2026","rel":"","context":"Srodne objave","block_context":{"text":"Srodne objave","link":""},"img":{"alt_text":"","src":"","width":0,"height":0},"classes":[]},{"id":258,"url":"https:\/\/poljoprivrednica.hr\/?page_id=258","url_meta":{"origin":71,"position":1},"title":"Moja pri\u010da","author":"admin","date":"6 o\u017eujka, 2024","format":false,"excerpt":"Info o meni Ivana Pavi\u0107\u2026magistra ekonomije, postdiplomac \u201cPriprema i provedba EU projekata\u201d, te uskoro novi magisterij iz poljoprivrede\u202610 godina radnog iskustva u struci\u2026primarna djelatnost - konzultant za EU fondove. Do 2019. godine \u017eivjela i radila u Zagrebu, a nakon toga odselila i pokrenula privatni posao - konzultant za EU fondove\u2026","rel":"","context":"Srodne objave","block_context":{"text":"Srodne objave","link":""},"img":{"alt_text":"","src":"https:\/\/i0.wp.com\/poljoprivrednica.hr\/wp-content\/uploads\/2024\/04\/IMG_5448.jpeg?fit=1125%2C1103&ssl=1&resize=350%2C200","width":350,"height":200,"srcset":"https:\/\/i0.wp.com\/poljoprivrednica.hr\/wp-content\/uploads\/2024\/04\/IMG_5448.jpeg?fit=1125%2C1103&ssl=1&resize=350%2C200 1x, https:\/\/i0.wp.com\/poljoprivrednica.hr\/wp-content\/uploads\/2024\/04\/IMG_5448.jpeg?fit=1125%2C1103&ssl=1&resize=525%2C300 1.5x, https:\/\/i0.wp.com\/poljoprivrednica.hr\/wp-content\/uploads\/2024\/04\/IMG_5448.jpeg?fit=1125%2C1103&ssl=1&resize=700%2C400 2x, https:\/\/i0.wp.com\/poljoprivrednica.hr\/wp-content\/uploads\/2024\/04\/IMG_5448.jpeg?fit=1125%2C1103&ssl=1&resize=1050%2C600 3x"},"classes":[]},{"id":42,"url":"https:\/\/poljoprivrednica.hr\/?page_id=42","url_meta":{"origin":71,"position":2},"title":"Reference","author":"admin","date":"24 listopada, 2023","format":false,"excerpt":"Prezime i ime PAVI\u0106, IVANA Adresa Slunj Mobilni telefon 095 3736088 E-mail info@poljoprivrednica.hr \u00a0 Radno iskustvo Potpredsjednica Udruge Projekt Kr\u0161 Rad na vra\u0107anju ekonomskog dostojanstva poljoprivrednika s kr\u0161a (do sada odr\u017eane 2. konferencije na tu temu) Vlasnica dru\u0161tva za pripremu i provedbu EU projekata Pavichland d.o.o. Gornje Primi\u0161lje 197, Slunj\u2026","rel":"","context":"Srodne objave","block_context":{"text":"Srodne objave","link":""},"img":{"alt_text":"","src":"https:\/\/i0.wp.com\/poljoprivrednica.hr\/wp-content\/uploads\/2023\/10\/unnamed-3.jpg?fit=857%2C1200&ssl=1&resize=350%2C200","width":350,"height":200,"srcset":"https:\/\/i0.wp.com\/poljoprivrednica.hr\/wp-content\/uploads\/2023\/10\/unnamed-3.jpg?fit=857%2C1200&ssl=1&resize=350%2C200 1x, https:\/\/i0.wp.com\/poljoprivrednica.hr\/wp-content\/uploads\/2023\/10\/unnamed-3.jpg?fit=857%2C1200&ssl=1&resize=525%2C300 1.5x, https:\/\/i0.wp.com\/poljoprivrednica.hr\/wp-content\/uploads\/2023\/10\/unnamed-3.jpg?fit=857%2C1200&ssl=1&resize=700%2C400 2x"},"classes":[]},{"id":277,"url":"https:\/\/poljoprivrednica.hr\/?page_id=277","url_meta":{"origin":71,"position":3},"title":"Iz medija o poljoprivrednici","author":"admin","date":"6 o\u017eujka, 2024","format":false,"excerpt":"HRT - Zov divljine - mini dokumentarna emisija o meni (mogu\u0107e pogledati reprizu putem aplikacije HRTi) Reporta\u017ea u emisiji \u201cPlodovi zemlje\u201d - HRT1 https:\/\/youtu.be\/DPxd6k8safo?si=BHURaEalb49Tfsz7 \u00a0 Publikacije:\u00a0 \u00a0 Publikacija Instituta za razvoj i me\u0111unarodne odnose - IRMO aktualno - uvr\u0161tavanje u lokalne aktere koji utje\u010du na regionalni razvoj\u00a0 - top 50\u2026","rel":"","context":"Srodne objave","block_context":{"text":"Srodne objave","link":""},"img":{"alt_text":"","src":"","width":0,"height":0},"classes":[]},{"id":482,"url":"https:\/\/poljoprivrednica.hr\/?page_id=482","url_meta":{"origin":71,"position":4},"title":"Usluge koje nudim","author":"admin","date":"21 svibnja, 2024","format":false,"excerpt":"NOVO U PONUDI: - EU akademija - postani i ti konzultant za EU fondove - edukacije za poduzetnike po\u010detnike s osvrtom na potporu za samozapo\u0161ljavanje - edukacije o poreznim aspektima OPG-a\/obrta\/d.o.o.-a Kako je puno pote\u0161ko\u0107a na poljoprivrednome i poduzetni\u010dkome putu kao nastavak svoje dugogodi\u0161nje karijere na poslovima poreznog savjetovanja i\u2026","rel":"","context":"Srodne objave","block_context":{"text":"Srodne objave","link":""},"img":{"alt_text":"","src":"","width":0,"height":0},"classes":[]}],"_links":{"self":[{"href":"https:\/\/poljoprivrednica.hr\/index.php?rest_route=\/wp\/v2\/pages\/71","targetHints":{"allow":["GET"]}}],"collection":[{"href":"https:\/\/poljoprivrednica.hr\/index.php?rest_route=\/wp\/v2\/pages"}],"about":[{"href":"https:\/\/poljoprivrednica.hr\/index.php?rest_route=\/wp\/v2\/types\/page"}],"author":[{"embeddable":true,"href":"https:\/\/poljoprivrednica.hr\/index.php?rest_route=\/wp\/v2\/users\/1"}],"replies":[{"embeddable":true,"href":"https:\/\/poljoprivrednica.hr\/index.php?rest_route=%2Fwp%2Fv2%2Fcomments&post=71"}],"version-history":[{"count":3,"href":"https:\/\/poljoprivrednica.hr\/index.php?rest_route=\/wp\/v2\/pages\/71\/revisions"}],"predecessor-version":[{"id":209,"href":"https:\/\/poljoprivrednica.hr\/index.php?rest_route=\/wp\/v2\/pages\/71\/revisions\/209"}],"wp:attachment":[{"href":"https:\/\/poljoprivrednica.hr\/index.php?rest_route=%2Fwp%2Fv2%2Fmedia&parent=71"}],"curies":[{"name":"wp","href":"https:\/\/api.w.org\/{rel}","templated":true}]}}