{"id":42,"date":"2023-10-24T13:19:34","date_gmt":"2023-10-24T13:19:34","guid":{"rendered":"https:\/\/poljoprivrednica.hr\/?page_id=42"},"modified":"2023-10-24T17:38:36","modified_gmt":"2023-10-24T17:38:36","slug":"42-2","status":"publish","type":"page","link":"https:\/\/poljoprivrednica.hr\/?page_id=42","title":{"rendered":"Reference"},"content":{"rendered":"<p>Prezime i ime<\/p>\n<p>PAVI\u0106, IVANA<\/p>\n<p>Adresa<\/p>\n<p>Slunj<\/p>\n<p>Mobilni telefon<\/p>\n<p>095 3736088<\/p>\n<p>E-mail<\/p>\n<p>info@poljoprivrednica.hr<\/p>\n<p>&nbsp;<\/p>\n<p><strong>Radno iskustvo<\/strong><\/p>\n<p><strong>Potpredsjednica Udruge Projekt Kr\u0161<\/strong><\/p>\n<p>Rad na vra\u0107anju ekonomskog dostojanstva poljoprivrednika s kr\u0161a (do sada odr\u017eane 2. konferencije na tu temu)<\/p>\n<p><strong>Vlasnica dru\u0161tva za pripremu i provedbu EU projekata<\/strong><\/p>\n<p>Pavichland d.o.o.<\/p>\n<p>Gornje Primi\u0161lje 197, Slunj<\/p>\n<p>Priprema i provedba EU projekata<\/p>\n<p>&nbsp;<\/p>\n<p><strong>Projekti:<\/strong><\/p>\n<p>Podru\u010dje \u201ePoduzetni\u0161tvo\u201c<\/p>\n<ul>\n<li>Potpora poduze\u0107ima za tranziciju na energetski i resursno u\u010dinkovito gospodarstvo od 01. srpnja 2022. godine<\/li>\n<\/ul>\n<p>Podru\u010dje poduzetni\u0161tvo<\/p>\n<ul>\n<li>Poziv<\/li>\n<\/ul>\n<p>Podr\u0161ka razvoju poduzetni\u0161tva u gradu Petrinji, KK.08.2.1.16<\/p>\n<ul>\n<li>projekt u vrijednosti preko 1.700.000,00 kn<\/li>\n<\/ul>\n<p><strong>\u00a0<\/strong>Podru\u010dje ruralni razvoj<\/p>\n<ul>\n<li>Natje\u010daj za tip operacije 7.4.1 Natje\u010daj za provedbu tipa operacije 7.4.1 \u201eUlaganja u pokretanje, pobolj\u0161anje ili pro\u0161irenje lokalnih temeljnih usluga za ruralno stanovni\u0161tvo, uklju\u010duju\u0107i slobodno vrijeme i kulturne aktivnosti te povezanu infrastrukturu\u201c od 7. lipnja 2021. godine\n<ul>\n<li>pripremljen projekt u vrijednosti 7.500.000,00 kn za dru\u0161tveno-kulturni dom za Op\u0107inu Tounj<\/li>\n<\/ul>\n<\/li>\n<li>Natje\u010daj za tip operacije 4.1.1 Restrukturiranje, modernizacija i pove\u0107anje konkurentnosti poljoprivrednih gospodarstava (restrukturiranje postoje\u0107ih i\/ili podizanje novih vi\u0161egodi\u0161njih nasada (isklju\u010duju\u0107i restrukturiranje postoje\u0107ih vinograda za proizvodnju gro\u017e\u0111a za vino)) od 2. lipnja 2021. godine\n<ul>\n<li>U obradi zahtjevi za potporu u vrijednosti 2.700.000,00 kn<\/li>\n<\/ul>\n<\/li>\n<li>Natje\u010daj za tip operacije 4.1.2 Zbrinjavanje, rukovanje i kori\u0161tenje stajskog gnojiva u cilju smanjenja \u0161tetnog utjecaja na okoli\u0161\n<ul>\n<li>Pripremljeni zahtjevi za potporu u vrijednosti preko 1.300.000,00 kn<\/li>\n<\/ul>\n<\/li>\n<li>Natje\u010daj za tip operacije 6.1.1. Potpora mladim poljoprivrednicima i natje\u010daj za tip operacije 6.3.1. Potpora razvoju malih poljoprivrednih gospodarstava oboje od 12. listopada 2021. godine\n<ul>\n<li>Ve\u0107i broj zahtjeva za potporu, obrade u tijeku<\/li>\n<\/ul>\n<\/li>\n<li>M21 \u2013 Izvanredna privremena potpora poljoprivrednicima i MSP-ovima koji su posebno pogo\u0111eni krizom uzrokovanom bole\u0161\u0107u COVID-19 \u2013 vi\u0161e prijava<\/li>\n<li>Natje\u010daj za tip operacije 4.4.1 koji je 100% financiran, povu\u010deno preko 1.000.000,00 kn do sada<\/li>\n<li>Projekti za podru\u010dja naseljena nacionalnim manjinama &#8211; vi\u0161e prijava<\/li>\n<\/ul>\n<p>Tako\u0111er i rad na priprema dokumentacije za HAMAG BICRO zajmove i sl., pripreme prijava za \u201eSamozapo\u0161ljavanje\u201c. Pripremljen Provedbeni program za Op\u0107inu Tounj u 2021. godini.<\/p>\n<p><strong>\u00a0<\/strong><strong>\u00a0<\/strong><\/p>\n<p>&nbsp;<\/p>\n<p>Vlasnica OPG Pavichland, Gornje Primi\u0161lje 197, Slunj<\/p>\n<p>Cca 50 ha u posjedu<\/p>\n<p>4 konja (2 Arapa i 2 Hrvatska Posavca)<\/p>\n<p>&nbsp;<\/p>\n<p><strong>Petronius d.o.o. <\/strong><\/p>\n<p>Voditeljica tima za EU fondove<\/p>\n<p>Projekti:<\/p>\n<ul>\n<li>\u201eIzgradnja nacionalne agregacijske \u0161irokopojasne infrastrukture i povezivanje ciljanih javnih korisnika\u201c<\/li>\n<\/ul>\n<p>Oda\u0161ilja\u010di i veze d.o.o.<\/p>\n<p>Vrijednost bespovratnih sredstava\u00a0 770,6 milijuna kuna<\/p>\n<ul>\n<li>\u201ePove\u0107anje energetske u\u010dinkovitosti i kori\u0161tenja obnovljivih izvora energije u uslu\u017enom sektoru\u201c<\/li>\n<\/ul>\n<p>Projekt \u201eNova energija\u201c &#8211; Hotel Meden, vl. Danko Kon\u010dar<\/p>\n<p>Vrijednost projekta preko 30 mil kn od toga 11,17 milijuna kuna bespovratnih sredstava<\/p>\n<ul>\n<li>\u201eProjekt uvo\u0111enja Kodeks service &amp; production desk-a.\u201c<\/li>\n<\/ul>\n<p>Kodeks d.o.o.<\/p>\n<p>Vrijednost projekta u iznosu od 1.508.505,00 kn, od \u010dega bespovratna sredstva u iznosu od 783.317,60 kn<\/p>\n<ul>\n<li>\u201eInternacionalizacija poslovanja Kodeks d.o.o.\u201c<\/li>\n<\/ul>\n<p>Kodeks d.o.o.<\/p>\n<p>Vrijednost projekta u iznosu od 569.672,42 kn, od \u010dega bespovratna sredstva u iznosu od 421.648,45 kn<\/p>\n<ul>\n<li>\u201eIzgradnja fotonaponske elektrane Stani\u0107 Kerestinec I za vlastite\u201c<\/li>\n<\/ul>\n<p>Stani\u0107 d.o.o.<\/p>\n<p>Vrijednost projekta u iznosu od 9.352.055,87 kn, od \u010dega bespovratnih sredstava u iznosu od 5.507.304,44 kn<\/p>\n<p>I ostali\u2026<\/p>\n<p>&nbsp;<\/p>\n<p><strong>Centar za financijska vje\u0161ta\u010denja d.o.o.<\/strong><\/p>\n<p>Diplomirani ekonomist za analize i planiranje<\/p>\n<p>Obrada i analiza podataka za financijska vje\u0161ta\u010denja.<\/p>\n<p>Financijska vje\u0161ta\u010denja<\/p>\n<p>&nbsp;<\/p>\n<p><strong>KPMG Savjetovanje d.o.o.<\/strong><\/p>\n<p>Suradnik u Odjelu za porezno izvje\u0161tavanje<\/p>\n<p>Savjetovanje o oporezivanje izaslanih radnika, priprema godi\u0161njih poreznih prijava, \u017ealbi, poreznih savjeta te mentoriranje.<\/p>\n<p>&nbsp;<\/p>\n<p><strong>Obrazovanje\u00a0\u00a0\u00a0\u00a0\u00a0\u00a0\u00a0\u00a0\u00a0\u00a0 <\/strong><\/p>\n<p><strong>\u00a0<\/strong>Datumi (od &#8211; do) \u00a0\u00a0\u00a0\u00a0\u00a0\u00a0\u00a0\u00a0\u00a0\u00a0\u00a0\u00a0\u00a0\u00a0\u00a0\u00a0\u00a0\u00a0\u00a0\u00a0\u00a0\u00a0\u00a0\u00a0\u00a0 \u00a0\u00a0\u00a0\u00a0\u00a0\u00a0\u00a0\u00a0\u00a0\u00a0\u00a0\u00a0\u00a0 01.11.2021 &#8211;<\/p>\n<p>Ste\u010deno zvanje\u00a0 \u00a0 \u00a0 \u00a0 \u00a0 \u00a0 \u00a0 \u00a0 \u00a0 \u00a0 \u00a0 \u00a0 \u00a0 \u00a0 \u00a0 \u00a0 \u00a0 \u00a0 \u00a0 \u00a0 \u00a0 \u00a0 \u00a0 \u00a0 U tijeku pripreme Zavr\u0161nog rada<\/p>\n<p>U\u017ea specijalizacija \/ usmjerenje\u00a0 \u00a0 \u00a0 \u00a0 \u00a0 \u00a0 \u00a0 Priprema i provedba EU projekata<\/p>\n<p>Obrazovna ustanova\u00a0 \u00a0 \u00a0 \u00a0 \u00a0 \u00a0 \u00a0 \u00a0 \u00a0 \u00a0 \u00a0 \u00a0 \u00a0 \u00a0 \u00a0 \u00a0 \u00a0 \u00a0 Sveu\u010dili\u0161ni interdisciplinarni poslijediplomski\u00a0 \u00a0 \u00a0 \u00a0 \u00a0 specijalisti\u010dki studij Priprema i provedba EU projekata<\/p>\n<p>&nbsp;<\/p>\n<p>Datumi (od &#8211; do) \u00a0\u00a0\u00a0\u00a0\u00a0\u00a0\u00a0\u00a0\u00a0\u00a0\u00a0\u00a0\u00a0\u00a0\u00a0\u00a0\u00a0\u00a0\u00a0\u00a0\u00a0\u00a0\u00a0\u00a0\u00a0 \u00a0\u00a0\u00a0\u00a0\u00a0\u00a0\u00a0\u00a0\u00a0\u00a0\u00a0\u00a0\u00a0 01.10.2021 &#8211;<\/p>\n<p>Ste\u010deno zvanje\u00a0 \u00a0 \u00a0 \u00a0 \u00a0 \u00a0 \u00a0 \u00a0 \u00a0 \u00a0 \u00a0 \u00a0 \u00a0 \u00a0 \u00a0 \u00a0 \u00a0 \u00a0 \u00a0 \u00a0 \u00a0 \u00a0 \u00a0 U tijeku<\/p>\n<p>U\u017ea specijalizacija \/ usmjerenje\u00a0 \u00a0 \u00a0 \u00a0 \u00a0 \u00a0 Diplomski studij odr\u017eive i ekolo\u0161ke poljoprivrede<\/p>\n<p>Obrazovna ustanova \u00a0\u00a0\u00a0\u00a0\u00a0\u00a0\u00a0\u00a0\u00a0\u00a0\u00a0\u00a0\u00a0\u00a0\u00a0\u00a0\u00a0\u00a0 \u00a0\u00a0\u00a0\u00a0\u00a0\u00a0\u00a0\u00a0\u00a0\u00a0\u00a0\u00a0\u00a0 Visoko gospodarsko u\u010dili\u0161te u Kri\u017eevcima<\/p>\n<p>&nbsp;<\/p>\n<p>&nbsp;<\/p>\n<p>Datumi (od &#8211; do) \u00a0\u00a0\u00a0\u00a0\u00a0\u00a0\u00a0\u00a0\u00a0\u00a0\u00a0\u00a0\u00a0\u00a0\u00a0\u00a0\u00a0\u00a0\u00a0\u00a0\u00a0\u00a0\u00a0\u00a0\u00a0 \u00a0\u00a0\u00a0\u00a0\u00a0\u00a0\u00a0\u00a0\u00a0\u00a0\u00a0\u00a0\u00a0 01.10.2013 &#8211; 10.03.2015<\/p>\n<p>Ste\u010deno zvanje \u00a0\u00a0\u00a0\u00a0\u00a0\u00a0\u00a0\u00a0\u00a0\u00a0\u00a0\u00a0\u00a0\u00a0 \u00a0\u00a0\u00a0\u00a0\u00a0\u00a0\u00a0\u00a0\u00a0\u00a0\u00a0\u00a0\u00a0\u00a0\u00a0\u00a0\u00a0\u00a0\u00a0\u00a0\u00a0\u00a0\u00a0\u00a0\u00a0\u00a0\u00a0 Magistra ekonomije<\/p>\n<p>U\u017ea specijalizacija \/ usmjerenje\u00a0 \u00a0 \u00a0 \u00a0 \u00a0 \u00a0Ra\u010dunovodstvo i revizija<\/p>\n<p>Obrazovna ustanova \u00a0\u00a0\u00a0\u00a0\u00a0\u00a0\u00a0\u00a0\u00a0\u00a0\u00a0\u00a0\u00a0\u00a0\u00a0\u00a0\u00a0\u00a0 \u00a0\u00a0\u00a0\u00a0\u00a0\u00a0\u00a0\u00a0\u00a0\u00a0\u00a0\u00a0\u00a0 Ekonomski fakultet u Zagrebu<\/p>\n<p>&nbsp;<\/p>\n<p>Datumi (od &#8211; do)<\/p>\n<p>01.10.2009 &#8211; 23.09.2013<\/p>\n<p>Ste\u010deno zvanje \u00a0\u00a0\u00a0\u00a0\u00a0\u00a0\u00a0\u00a0\u00a0\u00a0\u00a0\u00a0\u00a0\u00a0 \u00a0\u00a0\u00a0\u00a0\u00a0\u00a0\u00a0\u00a0\u00a0\u00a0\u00a0\u00a0\u00a0\u00a0\u00a0\u00a0\u00a0\u00a0\u00a0\u00a0\u00a0\u00a0\u00a0\u00a0\u00a0\u00a0\u00a0 Sveu\u010dili\u0161na prvostupnica ekonomije<\/p>\n<p>U\u017ea specijalizacija \/ usmjerenje\u00a0 \u00a0 \u00a0 \u00a0 \u00a0 \u00a0Poslovna ekonomija<\/p>\n<p>Obrazovna ustanova \u00a0\u00a0\u00a0\u00a0\u00a0\u00a0\u00a0\u00a0\u00a0\u00a0\u00a0\u00a0\u00a0\u00a0\u00a0\u00a0\u00a0\u00a0 \u00a0\u00a0\u00a0\u00a0\u00a0\u00a0\u00a0\u00a0\u00a0\u00a0\u00a0\u00a0\u00a0 Ekonomski fakultet u Zagrebu<\/p>\n<p>&nbsp;<\/p>\n<p>Datumi (od &#8211; do)<\/p>\n<p>01.09.2011 &#8211; 30.06.2016<\/p>\n<p>Ste\u010deno zvanje \u00a0\u00a0\u00a0\u00a0\u00a0\u00a0\u00a0\u00a0\u00a0\u00a0\u00a0\u00a0\u00a0\u00a0 \u00a0\u00a0\u00a0\u00a0\u00a0\u00a0\u00a0\u00a0\u00a0\u00a0\u00a0\u00a0\u00a0\u00a0\u00a0\u00a0\u00a0\u00a0\u00a0\u00a0\u00a0\u00a0\u00a0\u00a0\u00a0\u00a0\u00a0 Engleski jezik &#8211; razina C2<\/p>\n<p>Obrazovna ustanova \u00a0\u00a0\u00a0\u00a0\u00a0\u00a0\u00a0\u00a0\u00a0\u00a0\u00a0\u00a0\u00a0\u00a0\u00a0\u00a0\u00a0\u00a0 \u00a0\u00a0\u00a0\u00a0\u00a0\u00a0\u00a0\u00a0\u00a0\u00a0\u00a0\u00a0\u00a0 Vodnikova &#8211; \u0161kola stranih jezika<\/p>\n<p>&nbsp;<\/p>\n<p>Osobne vje\u0161tine i kompetencije<\/p>\n<p>Certifikati \u00a0\u00a0\u00a0\u00a0\u00a0\u00a0\u00a0\u00a0\u00a0\u00a0\u00a0\u00a0\u00a0\u00a0\u00a0\u00a0\u00a0\u00a0\u00a0\u00a0\u00a0\u00a0\u00a0\u00a0\u00a0\u00a0\u00a0\u00a0\u00a0\u00a0\u00a0\u00a0\u00a0\u00a0\u00a0\u00a0\u00a0\u00a0\u00a0\u00a0\u00a0\u00a0\u00a0\u00a0\u00a0\u00a0\u00a0\u00a0\u00a0\u00a0\u00a0 Certifikat za provo\u0111enja postupaka javne nabave<\/p>\n<p>Strani jezici\u00a0\u00a0\u00a0\u00a0\u00a0\u00a0\u00a0 \u00a0 \u00a0\u00a0\u00a0\u00a0\u00a0\u00a0\u00a0\u00a0\u00a0\u00a0\u00a0\u00a0\u00a0\u00a0\u00a0\u00a0\u00a0\u00a0\u00a0\u00a0\u00a0\u00a0\u00a0\u00a0\u00a0\u00a0\u00a0\u00a0\u00a0\u00a0\u00a0\u00a0\u00a0\u00a0\u00a0\u00a0\u00a0\u00a0\u00a0 Engleski jezik\u00a0\u00a0\u00a0\u00a0 C2<\/p>\n<p>&nbsp;<\/p>\n<p>&nbsp;<\/p>\n<p>Voza\u010dka dozvola \u00a0\u00a0\u00a0\u00a0\u00a0\u00a0\u00a0\u00a0\u00a0\u00a0\u00a0\u00a0\u00a0\u00a0\u00a0\u00a0\u00a0\u00a0\u00a0\u00a0\u00a0\u00a0\u00a0\u00a0\u00a0 \u00a0\u00a0\u00a0\u00a0\u00a0\u00a0\u00a0\u00a0\u00a0\u00a0\u00a0\u00a0\u00a0 Kategorija B<\/p>\n<p>&nbsp;<\/p>\n<p>Priznanja\u00a0\u00a0\u00a0\u00a0\u00a0\u00a0\u00a0\u00a0\u00a0\u00a0\u00a0\u00a0\u00a0\u00a0\u00a0\u00a0\u00a0\u00a0\u00a0\u00a0\u00a0\u00a0\u00a0\u00a0\u00a0\u00a0\u00a0\u00a0\u00a0\u00a0\u00a0\u00a0\u00a0\u00a0\u00a0\u00a0\u00a0\u00a0\u00a0\u00a0\u00a0\u00a0\u00a0\u00a0\u00a0\u00a0\u00a0\u00a0\u00a0\u00a0\u00a0\u00a0\u00a0 Zahvalnica grada Slunja za 2022. godinu za svesrdnu pomo\u0107 stanovnicima op\u0107ine pri prijavi i provedbi EU projekata<\/p>\n<p>&nbsp;<\/p>\n","protected":false},"excerpt":{"rendered":"<p>Prezime i ime PAVI\u0106, IVANA Adresa Slunj Mobilni telefon 095 3736088 E-mail info@poljoprivrednica.hr &nbsp; Radno iskustvo Potpredsjednica Udruge Projekt Kr\u0161 Rad na vra\u0107anju ekonomskog dostojanstva poljoprivrednika s kr\u0161a (do sada odr\u017eane 2. konferencije na tu temu) Vlasnica dru\u0161tva za pripremu i provedbu EU projekata Pavichland d.o.o. Gornje Primi\u0161lje 197, Slunj Priprema i provedba EU projekata&#8230;<\/p>\n","protected":false},"author":1,"featured_media":79,"parent":0,"menu_order":0,"comment_status":"closed","ping_status":"closed","template":"","meta":{"jetpack_post_was_ever_published":false,"footnotes":""},"class_list":["post-42","page","type-page","status-publish","has-post-thumbnail","hentry"],"jetpack_sharing_enabled":true,"jetpack-related-posts":[{"id":482,"url":"https:\/\/poljoprivrednica.hr\/?page_id=482","url_meta":{"origin":42,"position":0},"title":"Usluge koje nudim","author":"admin","date":"21 svibnja, 2024","format":false,"excerpt":"NOVO U PONUDI: - EU akademija - postani i ti konzultant za EU fondove - edukacije za poduzetnike po\u010detnike s osvrtom na potporu za samozapo\u0161ljavanje - edukacije o poreznim aspektima OPG-a\/obrta\/d.o.o.-a Kako je puno pote\u0161ko\u0107a na poljoprivrednome i poduzetni\u010dkome putu kao nastavak svoje dugogodi\u0161nje karijere na poslovima poreznog savjetovanja i\u2026","rel":"","context":"Srodne objave","block_context":{"text":"Srodne objave","link":""},"img":{"alt_text":"","src":"","width":0,"height":0},"classes":[]},{"id":258,"url":"https:\/\/poljoprivrednica.hr\/?page_id=258","url_meta":{"origin":42,"position":1},"title":"Moja pri\u010da","author":"admin","date":"6 o\u017eujka, 2024","format":false,"excerpt":"Info o meni Ivana Pavi\u0107\u2026magistra ekonomije, postdiplomac \u201cPriprema i provedba EU projekata\u201d, te uskoro novi magisterij iz poljoprivrede\u202610 godina radnog iskustva u struci\u2026primarna djelatnost - konzultant za EU fondove. Do 2019. godine \u017eivjela i radila u Zagrebu, a nakon toga odselila i pokrenula privatni posao - konzultant za EU fondove\u2026","rel":"","context":"Srodne objave","block_context":{"text":"Srodne objave","link":""},"img":{"alt_text":"","src":"https:\/\/i0.wp.com\/poljoprivrednica.hr\/wp-content\/uploads\/2024\/04\/IMG_5448.jpeg?fit=1125%2C1103&ssl=1&resize=350%2C200","width":350,"height":200,"srcset":"https:\/\/i0.wp.com\/poljoprivrednica.hr\/wp-content\/uploads\/2024\/04\/IMG_5448.jpeg?fit=1125%2C1103&ssl=1&resize=350%2C200 1x, https:\/\/i0.wp.com\/poljoprivrednica.hr\/wp-content\/uploads\/2024\/04\/IMG_5448.jpeg?fit=1125%2C1103&ssl=1&resize=525%2C300 1.5x, https:\/\/i0.wp.com\/poljoprivrednica.hr\/wp-content\/uploads\/2024\/04\/IMG_5448.jpeg?fit=1125%2C1103&ssl=1&resize=700%2C400 2x, https:\/\/i0.wp.com\/poljoprivrednica.hr\/wp-content\/uploads\/2024\/04\/IMG_5448.jpeg?fit=1125%2C1103&ssl=1&resize=1050%2C600 3x"},"classes":[]},{"id":139,"url":"https:\/\/poljoprivrednica.hr\/?page_id=139","url_meta":{"origin":42,"position":2},"title":"Pitanja i odgovori","author":"admin","date":"19 studenoga, 2023","format":false,"excerpt":"Mogu li kada sam \"usput\" svratiti do va\u0161eg ureda? Radno vrijeme ureda je isklju\u010divo po dogovoru, tako da nije mogu\u0107e \"usput\" svratiti do ureda. Za informiranje o slobodnom terminu za sastanak kontaktirajte na +385 95 3736088 (od 8.00 h do 17.00 h). \u00a0 I\u0161ao bi na fondove samo ako \u0107u\u2026","rel":"","context":"Srodne objave","block_context":{"text":"Srodne objave","link":""},"img":{"alt_text":"","src":"","width":0,"height":0},"classes":[]},{"id":277,"url":"https:\/\/poljoprivrednica.hr\/?page_id=277","url_meta":{"origin":42,"position":3},"title":"Iz medija o poljoprivrednici","author":"admin","date":"6 o\u017eujka, 2024","format":false,"excerpt":"HRT - Zov divljine - mini dokumentarna emisija o meni (mogu\u0107e pogledati reprizu putem aplikacije HRTi) Reporta\u017ea u emisiji \u201cPlodovi zemlje\u201d - HRT1 https:\/\/youtu.be\/DPxd6k8safo?si=BHURaEalb49Tfsz7 \u00a0 Publikacije:\u00a0 \u00a0 Publikacija Instituta za razvoj i me\u0111unarodne odnose - IRMO aktualno - uvr\u0161tavanje u lokalne aktere koji utje\u010du na regionalni razvoj\u00a0 - top 50\u2026","rel":"","context":"Srodne objave","block_context":{"text":"Srodne objave","link":""},"img":{"alt_text":"","src":"","width":0,"height":0},"classes":[]},{"id":71,"url":"https:\/\/poljoprivrednica.hr\/?page_id=71","url_meta":{"origin":42,"position":4},"title":"Kontakt","author":"admin","date":"24 listopada, 2023","format":false,"excerpt":"Mobilni telefon: +385 95 3736088 (od 8.00 h do 17.00 h) E-mail: pavichland@gmail.com (od 0.00h-24.00h) Adresa: Trg Zrinskih i Frankopana 23, 47240 Slunj (zgrada Fine, ulaz sa stra\u017enje strane, I. kat, crna vrata ravno) \u00a0 NAPOMENA: Radno vrijeme ureda je isklju\u010divo po dogovoru. Za informiranje o slobodnom terminu za sastanak\u2026","rel":"","context":"Srodne objave","block_context":{"text":"Srodne objave","link":""},"img":{"alt_text":"","src":"","width":0,"height":0},"classes":[]}],"_links":{"self":[{"href":"https:\/\/poljoprivrednica.hr\/index.php?rest_route=\/wp\/v2\/pages\/42","targetHints":{"allow":["GET"]}}],"collection":[{"href":"https:\/\/poljoprivrednica.hr\/index.php?rest_route=\/wp\/v2\/pages"}],"about":[{"href":"https:\/\/poljoprivrednica.hr\/index.php?rest_route=\/wp\/v2\/types\/page"}],"author":[{"embeddable":true,"href":"https:\/\/poljoprivrednica.hr\/index.php?rest_route=\/wp\/v2\/users\/1"}],"replies":[{"embeddable":true,"href":"https:\/\/poljoprivrednica.hr\/index.php?rest_route=%2Fwp%2Fv2%2Fcomments&post=42"}],"version-history":[{"count":6,"href":"https:\/\/poljoprivrednica.hr\/index.php?rest_route=\/wp\/v2\/pages\/42\/revisions"}],"predecessor-version":[{"id":93,"href":"https:\/\/poljoprivrednica.hr\/index.php?rest_route=\/wp\/v2\/pages\/42\/revisions\/93"}],"wp:featuredmedia":[{"embeddable":true,"href":"https:\/\/poljoprivrednica.hr\/index.php?rest_route=\/wp\/v2\/media\/79"}],"wp:attachment":[{"href":"https:\/\/poljoprivrednica.hr\/index.php?rest_route=%2Fwp%2Fv2%2Fmedia&parent=42"}],"curies":[{"name":"wp","href":"https:\/\/api.w.org\/{rel}","templated":true}]}}