{"id":277,"date":"2024-03-06T19:54:53","date_gmt":"2024-03-06T19:54:53","guid":{"rendered":"https:\/\/poljoprivrednica.hr\/?page_id=277"},"modified":"2026-01-15T14:10:31","modified_gmt":"2026-01-15T14:10:31","slug":"iz-medija","status":"publish","type":"page","link":"https:\/\/poljoprivrednica.hr\/?page_id=277","title":{"rendered":"Iz medija o poljoprivrednici"},"content":{"rendered":"<p>HRT &#8211; Zov divljine &#8211; mini dokumentarna emisija o meni (mogu\u0107e pogledati reprizu putem aplikacije HRTi)<\/p>\n<p><strong><br \/>\nReporta\u017ea u emisiji \u201cPlodovi zemlje\u201d &#8211; HRT1<\/strong><\/p>\n<p><a href=\"https:\/\/youtu.be\/DPxd6k8safo?si=BHURaEalb49Tfsz7\">https:\/\/youtu.be\/DPxd6k8safo?si=BHURaEalb49Tfsz7<\/a><\/p>\n<p>&nbsp;<\/p>\n<p><strong>Publikacije:\u00a0<\/strong><\/p>\n<p>&nbsp;<\/p>\n<p>Publikacija Instituta za razvoj i me\u0111unarodne odnose &#8211; <em>IRMO aktualno <\/em><\/p>\n<p><em>&#8211; uvr\u0161tavanje u lokalne aktere koji utje\u010du na regionalni razvoj\u00a0<\/em><\/p>\n<p>&#8211; top 50 mladih konzultanta na razini EU<\/p>\n<p><a href=\"https:\/\/irmo.hr\/wp-content\/uploads\/2025\/02\/IRMO-aktualno-52.pdf\">https:\/\/irmo.hr\/wp-content\/uploads\/2025\/02\/IRMO-aktualno-52.pdf<\/a><\/p>\n<p>&nbsp;<\/p>\n<p><strong><br \/>\n\u010clanci iz novina o meni:<\/strong><\/p>\n<p>&nbsp;<\/p>\n<p><strong>Jutarnji list:<\/strong><\/p>\n<p>https:\/\/www.jutarnji.hr\/domidizajn\/d-d-vrt\/proveli-smo-dan-s-najpopularnijom-poljoprivrednicom-s-drustvenih-mreza-od-eu-ureda-do-bogatog-uroda-nikad-se-ne-vracam-u-grad-15596119<\/p>\n<p>Finalista izbora za najboljeg mladog poljoprivrednika RH:<\/p>\n<p><a href=\"https:\/\/www.jutarnji.hr\/vijesti\/hrvatska\/udala-sam-se-imali-smo-planove-a-onda-je-dosla-ta-2019-moj-kreso-iznenada-je-umro-i-zivot-mi-se-u-sekundi-srusio-15440003\">https:\/\/www.jutarnji.hr\/vijesti\/hrvatska\/udala-sam-se-imali-smo-planove-a-onda-je-dosla-ta-2019-moj-kreso-iznenada-je-umro-i-zivot-mi-se-u-sekundi-srusio-15440003<\/a><\/p>\n<p>Sudjelovanje na kongresu u Bruxellesu:<\/p>\n<p><a href=\"https:\/\/www.jutarnji.hr\/vijesti\/hrvatska\/na-jubilarnom-10-eu-kongresu-hrvatsku-predstavljala-reprezentacija-mladih-poljoprivrednika-15531918\">https:\/\/www.jutarnji.hr\/vijesti\/hrvatska\/na-jubilarnom-10-eu-kongresu-hrvatsku-predstavljala-reprezentacija-mladih-poljoprivrednika-15531918<\/a><\/p>\n<p>&nbsp;<\/p>\n<p><strong>Ve\u010dernji list:\u00a0<\/strong><\/p>\n<p>Nominacija u top 3 mlade nade poljoprivrede RH:<\/p>\n<p><a href=\"https:\/\/www.vecernji.hr\/vijesti\/cura-s-asfalta-pili-freza-malcira-kosi-cisti-staju-i-povlaci-novac-iz-fondova-eu-1706276\">https:\/\/www.vecernji.hr\/vijesti\/cura-s-asfalta-pili-freza-malcira-kosi-cisti-staju-i-povlaci-novac-iz-fondova-eu-1706276<\/a><\/p>\n<p>&nbsp;<\/p>\n<p><strong>HRT &#8211; Dobro jutro Hrvatska:<\/strong><\/p>\n<p><a href=\"https:\/\/magazin.hrt.hr\/price-iz-hrvatske\/opg-pavichland-10994890\">https:\/\/magazin.hrt.hr\/price-iz-hrvatske\/opg-pavichland-10994890<\/a><\/p>\n<p>&nbsp;<\/p>\n<p><strong>Net.hr:<\/strong><\/p>\n<p><a href=\"https:\/\/net.hr\/danas\/vijesti\/od-maherica-u-eu-fondovima-do-vrsne-opg-ovke-u-godinu-dana-povukla-sam-6-milijuna-kuna-u-ove-nerazvijene-krajeve-a8b4708e-5464-11ee-b82b-3a50bfc1e71d\">https:\/\/net.hr\/danas\/vijesti\/od-maherica-u-eu-fondovima-do-vrsne-opg-ovke-u-godinu-dana-povukla-sam-6-milijuna-kuna-u-ove-nerazvijene-krajeve-a8b4708e-5464-11ee-b82b-3a50bfc1e71d<\/a><\/p>\n<p>&nbsp;<\/p>\n<p><strong>EPP grupa u Europskom parlamentu:<\/strong><\/p>\n<p><a href=\"https:\/\/www.eppgroup.eu\/hr\/sto-radimo\/with-eu-countries\/hrvatska\/na-10-kongresu-hrvatsku-predstavili-mladi-poljoprivrednici\">https:\/\/www.eppgroup.eu\/hr\/sto-radimo\/with-eu-countries\/hrvatska\/na-10-kongresu-hrvatsku-predstavili-mladi-poljoprivrednici<\/a><\/p>\n<p><strong>KAportal.hr:\u00a0<\/strong><\/p>\n<p>Malo o maslinama koje sadim na Kordunu:<\/p>\n<p><a href=\"https:\/\/kaportal.net.hr\/zupanija\/slunj\/1338031\/sto-kazete-na-maslinik-u-slunju-mislili-smo-da-je-ivana-malo-caknuta-ali-cini-se-da-zna-sto-radi-usput-je-uspjesna-konzultantica-za-eu-projekte\/\">https:\/\/kaportal.net.hr\/zupanija\/slunj\/1338031\/sto-kazete-na-maslinik-u-slunju-mislili-smo-da-je-ivana-malo-caknuta-ali-cini-se-da-zna-sto-radi-usput-je-uspjesna-konzultantica-za-eu-projekte\/<\/a><\/p>\n<p>&nbsp;<\/p>\n<p><strong>Magazin Nada:<\/strong><\/p>\n<p><a href=\"https:\/\/sdf.hr\/nada\/idemo-ekipa-prilika\/\">https:\/\/sdf.hr\/nada\/idemo-ekipa-prilika\/<\/a><\/p>\n","protected":false},"excerpt":{"rendered":"<p>HRT &#8211; Zov divljine &#8211; mini dokumentarna emisija o meni (mogu\u0107e pogledati reprizu putem aplikacije HRTi) Reporta\u017ea u emisiji \u201cPlodovi zemlje\u201d &#8211; HRT1 https:\/\/youtu.be\/DPxd6k8safo?si=BHURaEalb49Tfsz7 &nbsp; Publikacije:\u00a0 &nbsp; Publikacija Instituta za razvoj i me\u0111unarodne odnose &#8211; IRMO aktualno &#8211; uvr\u0161tavanje u lokalne aktere koji utje\u010du na regionalni razvoj\u00a0 &#8211; top 50 mladih konzultanta na razini EU&#8230;<\/p>\n","protected":false},"author":1,"featured_media":0,"parent":0,"menu_order":0,"comment_status":"closed","ping_status":"closed","template":"","meta":{"jetpack_post_was_ever_published":false,"footnotes":""},"class_list":["post-277","page","type-page","status-publish","hentry"],"jetpack_sharing_enabled":true,"jetpack-related-posts":[{"id":258,"url":"https:\/\/poljoprivrednica.hr\/?page_id=258","url_meta":{"origin":277,"position":0},"title":"Moja pri\u010da","author":"admin","date":"6 o\u017eujka, 2024","format":false,"excerpt":"Info o meni Ivana Pavi\u0107\u2026magistra ekonomije, postdiplomac \u201cPriprema i provedba EU projekata\u201d, te uskoro novi magisterij iz poljoprivrede\u202610 godina radnog iskustva u struci\u2026primarna djelatnost - konzultant za EU fondove. Do 2019. godine \u017eivjela i radila u Zagrebu, a nakon toga odselila i pokrenula privatni posao - konzultant za EU fondove\u2026","rel":"","context":"Srodne objave","block_context":{"text":"Srodne objave","link":""},"img":{"alt_text":"","src":"https:\/\/i0.wp.com\/poljoprivrednica.hr\/wp-content\/uploads\/2024\/04\/IMG_5448.jpeg?fit=1125%2C1103&ssl=1&resize=350%2C200","width":350,"height":200,"srcset":"https:\/\/i0.wp.com\/poljoprivrednica.hr\/wp-content\/uploads\/2024\/04\/IMG_5448.jpeg?fit=1125%2C1103&ssl=1&resize=350%2C200 1x, https:\/\/i0.wp.com\/poljoprivrednica.hr\/wp-content\/uploads\/2024\/04\/IMG_5448.jpeg?fit=1125%2C1103&ssl=1&resize=525%2C300 1.5x, https:\/\/i0.wp.com\/poljoprivrednica.hr\/wp-content\/uploads\/2024\/04\/IMG_5448.jpeg?fit=1125%2C1103&ssl=1&resize=700%2C400 2x, https:\/\/i0.wp.com\/poljoprivrednica.hr\/wp-content\/uploads\/2024\/04\/IMG_5448.jpeg?fit=1125%2C1103&ssl=1&resize=1050%2C600 3x"},"classes":[]},{"id":139,"url":"https:\/\/poljoprivrednica.hr\/?page_id=139","url_meta":{"origin":277,"position":1},"title":"Pitanja i odgovori","author":"admin","date":"19 studenoga, 2023","format":false,"excerpt":"Mogu li kada sam \"usput\" svratiti do va\u0161eg ureda? Radno vrijeme ureda je isklju\u010divo po dogovoru, tako da nije mogu\u0107e \"usput\" svratiti do ureda. Za informiranje o slobodnom terminu za sastanak kontaktirajte na +385 95 3736088 (od 8.00 h do 17.00 h). \u00a0 I\u0161ao bi na fondove samo ako \u0107u\u2026","rel":"","context":"Srodne objave","block_context":{"text":"Srodne objave","link":""},"img":{"alt_text":"","src":"","width":0,"height":0},"classes":[]},{"id":482,"url":"https:\/\/poljoprivrednica.hr\/?page_id=482","url_meta":{"origin":277,"position":2},"title":"Usluge koje nudim","author":"admin","date":"21 svibnja, 2024","format":false,"excerpt":"NOVO U PONUDI: - EU akademija - postani i ti konzultant za EU fondove - edukacije za poduzetnike po\u010detnike s osvrtom na potporu za samozapo\u0161ljavanje - edukacije o poreznim aspektima OPG-a\/obrta\/d.o.o.-a Kako je puno pote\u0161ko\u0107a na poljoprivrednome i poduzetni\u010dkome putu kao nastavak svoje dugogodi\u0161nje karijere na poslovima poreznog savjetovanja i\u2026","rel":"","context":"Srodne objave","block_context":{"text":"Srodne objave","link":""},"img":{"alt_text":"","src":"","width":0,"height":0},"classes":[]},{"id":42,"url":"https:\/\/poljoprivrednica.hr\/?page_id=42","url_meta":{"origin":277,"position":3},"title":"Reference","author":"admin","date":"24 listopada, 2023","format":false,"excerpt":"Prezime i ime PAVI\u0106, IVANA Adresa Slunj Mobilni telefon 095 3736088 E-mail info@poljoprivrednica.hr \u00a0 Radno iskustvo Potpredsjednica Udruge Projekt Kr\u0161 Rad na vra\u0107anju ekonomskog dostojanstva poljoprivrednika s kr\u0161a (do sada odr\u017eane 2. konferencije na tu temu) Vlasnica dru\u0161tva za pripremu i provedbu EU projekata Pavichland d.o.o. Gornje Primi\u0161lje 197, Slunj\u2026","rel":"","context":"Srodne objave","block_context":{"text":"Srodne objave","link":""},"img":{"alt_text":"","src":"https:\/\/i0.wp.com\/poljoprivrednica.hr\/wp-content\/uploads\/2023\/10\/unnamed-3.jpg?fit=857%2C1200&ssl=1&resize=350%2C200","width":350,"height":200,"srcset":"https:\/\/i0.wp.com\/poljoprivrednica.hr\/wp-content\/uploads\/2023\/10\/unnamed-3.jpg?fit=857%2C1200&ssl=1&resize=350%2C200 1x, https:\/\/i0.wp.com\/poljoprivrednica.hr\/wp-content\/uploads\/2023\/10\/unnamed-3.jpg?fit=857%2C1200&ssl=1&resize=525%2C300 1.5x, https:\/\/i0.wp.com\/poljoprivrednica.hr\/wp-content\/uploads\/2023\/10\/unnamed-3.jpg?fit=857%2C1200&ssl=1&resize=700%2C400 2x"},"classes":[]},{"id":71,"url":"https:\/\/poljoprivrednica.hr\/?page_id=71","url_meta":{"origin":277,"position":4},"title":"Kontakt","author":"admin","date":"24 listopada, 2023","format":false,"excerpt":"Mobilni telefon: +385 95 3736088 (od 8.00 h do 17.00 h) E-mail: pavichland@gmail.com (od 0.00h-24.00h) Adresa: Trg Zrinskih i Frankopana 23, 47240 Slunj (zgrada Fine, ulaz sa stra\u017enje strane, I. kat, crna vrata ravno) \u00a0 NAPOMENA: Radno vrijeme ureda je isklju\u010divo po dogovoru. Za informiranje o slobodnom terminu za sastanak\u2026","rel":"","context":"Srodne objave","block_context":{"text":"Srodne objave","link":""},"img":{"alt_text":"","src":"","width":0,"height":0},"classes":[]}],"_links":{"self":[{"href":"https:\/\/poljoprivrednica.hr\/index.php?rest_route=\/wp\/v2\/pages\/277","targetHints":{"allow":["GET"]}}],"collection":[{"href":"https:\/\/poljoprivrednica.hr\/index.php?rest_route=\/wp\/v2\/pages"}],"about":[{"href":"https:\/\/poljoprivrednica.hr\/index.php?rest_route=\/wp\/v2\/types\/page"}],"author":[{"embeddable":true,"href":"https:\/\/poljoprivrednica.hr\/index.php?rest_route=\/wp\/v2\/users\/1"}],"replies":[{"embeddable":true,"href":"https:\/\/poljoprivrednica.hr\/index.php?rest_route=%2Fwp%2Fv2%2Fcomments&post=277"}],"version-history":[{"count":11,"href":"https:\/\/poljoprivrednica.hr\/index.php?rest_route=\/wp\/v2\/pages\/277\/revisions"}],"predecessor-version":[{"id":788,"href":"https:\/\/poljoprivrednica.hr\/index.php?rest_route=\/wp\/v2\/pages\/277\/revisions\/788"}],"wp:attachment":[{"href":"https:\/\/poljoprivrednica.hr\/index.php?rest_route=%2Fwp%2Fv2%2Fmedia&parent=277"}],"curies":[{"name":"wp","href":"https:\/\/api.w.org\/{rel}","templated":true}]}}