{"id":258,"date":"2024-03-06T19:23:00","date_gmt":"2024-03-06T19:23:00","guid":{"rendered":"https:\/\/poljoprivrednica.hr\/?page_id=258"},"modified":"2025-02-17T20:19:50","modified_gmt":"2025-02-17T20:19:50","slug":"o-meni","status":"publish","type":"page","link":"https:\/\/poljoprivrednica.hr\/?page_id=258","title":{"rendered":"Moja pri\u010da"},"content":{"rendered":"<hr \/>\n<p class=\"p1\"><strong><span class=\"s1\">Info o meni<\/span><\/strong><\/p>\n<p class=\"p1\"><span class=\"s2\">Ivana Pavi\u0107\u2026magistra ekonomije, postdiplomac \u201cPriprema i provedba EU projekata\u201d, te uskoro novi magisterij iz poljoprivrede\u202610 godina radnog iskustva u struci\u2026primarna djelatnost &#8211; konzultant za EU fondove.<\/span><\/p>\n<p class=\"p1\"><span class=\"s2\">Do 2019. godine \u017eivjela i radila u Zagrebu, a nakon toga odselila i pokrenula privatni posao &#8211; konzultant za EU fondove u mjestu koje broji 18 stanovnika. Nastavno na veliki uspjeh &#8211; povu\u010deno preko 6.000.000,00 kn u roku od cca 1 godine, u pro\u0161loj godini sam otvorila ured u Slunju\u2026tako da odsada u Slunj ne samo \u201cusput\u201d po banane ve\u0107i i po koji EU fond \ud83e\udd29.<\/span><\/p>\n<p class=\"p1\"><span class=\"s2\">\u2026zadnje radno iskustvo prije odlaska u privatne vode: voditeljica tima za EU fondove u konzorciju gdje sam pripremila svoj najve\u0107i projekt za dru\u0161tvo OiV, projekt vrijedan 107.000.000 EUR. Iskustva u pripremi EU projekata imam u svim djelatnostima, a detaljnije o mojim referencama mo\u017eete pro\u010ditati na sljede\u0107em linku: https:\/\/poljoprivrednica.hr\/?page_id=42\u00a0<\/span><\/p>\n<p class=\"p1\"><strong><span class=\"s1\">Koje usluge nudim? <\/span><\/strong><\/p>\n<p class=\"p1\"><span class=\"s2\">Nudim usluge u svim sferama povla\u010denja bespovratnih sredstva. <\/span><\/p>\n<p class=\"p1\"><span class=\"s2\">Osnovne usluge:<\/span><\/p>\n<ul class=\"ul1\">\n<li class=\"li1\"><span class=\"s2\">Pripreme za EU fondove (prije objave natje\u010daja gdje razvijamo va\u0161u ideju i pronalazimo prikladan EU natje\u010daj u najavi na koji mo\u017eemo prijaviti va\u0161u ideju)<\/span><\/li>\n<li class=\"li1\"><span class=\"s2\">Priprema projektne dokumentacije (nakon objave Natje\u010daja\/Poziva)<\/span><\/li>\n<li class=\"li1\"><span class=\"s2\">Pra\u0107enje dobivenog projekta (nakon potpisivanja ugovora o sufinanciranju)<\/span><\/li>\n<\/ul>\n<p class=\"p1\"><span class=\"s2\">Nastojim svojim klijentima olak\u0161ati put do EU fondova najvi\u0161e koliko je to u mojoj mogu\u0107nosti, pa sam iz tog razloga pokrenula svoju web stranicu: <\/span><\/p>\n<p class=\"p1\"><span class=\"s2\">poljoprivrednica.hr<\/span><\/p>\n<p class=\"p1\"><span class=\"s2\">gdje se mo\u017eete pretplatiti na obavijesti o novim natje\u010dajima\/pozivima nakon \u0107e vam na va\u0161 mail pristizati obavijesti o novostima iz EU fondova, a sve kako vam ne bi promaknuo budu\u0107i \u017eeljeni natje\u010daj. Na obavijesti se mo\u017eete pretplatiti tako i na na\u010din da po\u0161aljete va\u0161 mail na +385 953736088.<\/span><\/p>\n<p class=\"p1\"><span class=\"s2\">Za sebe ka\u017eem da kako propovijedam tako i \u017eivim\u2026osim \u0161to zagovaram povratak na selo i bavaljenje sa poljoprivredom i sama sam oti\u0161la na selo i \u017eivim i radim na svome ran\u010du od cca 50-tak hektara sa svojim prekrasnim konjima i puno toga u planu, a sve to EU \u017eeli financijski ispratiti\u2026mo\u017ee li bolje?? Smatram da povratka mladih na selo bez upumpavanja u njih EU sredstava nema jer npr sama nemam poljoprivredno naslje\u0111e i sve moram nanovo stvoriti \u0161to bez EU ne bi postigla ni za 6 \u017eivota jer su to jednostavno preeeevisoka ulaganja za sve koji se nisu rodili bogati\u2026\u010dast iznimkama\u2026moji ste idoli \ud83e\udd29<\/span><\/p>\n<p class=\"p1\"><span class=\"s2\">\u2026.te \u201ckobne\u201d 2019. godine\u2026 svi su me bli\u017enji gledali u \u010dudu\u2026 u stilu da me treba dati \u201cna promatranje\u201d jer napu\u0161tam siguran posao i Zagreb, ali sada u 2024., nastavno na ustrajani rad\u2026vlasnica sam Centra za EU fondove i edukacije Rastoke gdje aktivno radim na smanjivanju regionalnih razlika, imam spram 50 ha u d\u017eepu te stvarne verzije konja sa jastu\u010dnica koje sam imala kao klinka. <\/span><\/p>\n<p class=\"p1\"><span class=\"s2\">Nije da sam bila predodre\u0111ena za poljoprivredu, prije je da mi nisu htjeli dati ni nacrtane ovce da \u010duvam (imam i vlastito iskustvo s kokicama i tzv Mc Donaldsom za lokalnu divlja\u010d \ud83d\ude02), ali u svoju obranu mogu re\u0107i da kontinuirano razmi\u0161ljam kako se pobolj\u0161ati\/unaprijediti pa sam pro\u0161le godine bila izabrana u top 3 mlada poljoprirvednika u RH (link na reporta\u017ee: <\/span><\/p>\n<p class=\"p1\"><span class=\"s2\">Ve\u010dernji list: <\/span><\/p>\n<p class=\"p1\"><span class=\"s2\"><a href=\"https:\/\/www.vecernji.hr\/vijesti\/cura-s-asfalta-pili-freza-malcira-kosi-cisti-staju-i-povlaci-novac-iz-fondova-eu-1706276\">https:\/\/www.vecernji.hr\/vijesti\/cura-s-asfalta-pili-freza-malcira-kosi-cisti-staju-i-povlaci-novac-iz-fondova-eu-1706276<\/a><\/span><\/p>\n<p class=\"p1\"><span class=\"s2\">HRT &#8211; Dobro jutro Hrvatska: <\/span><\/p>\n<p class=\"p1\"><span class=\"s2\"><a href=\"https:\/\/magazin.hrt.hr\/price-iz-hrvatske\/opg-pavichland-10994890\">https:\/\/magazin.hrt.hr\/price-iz-hrvatske\/opg-pavichland-10994890<\/a><\/span><\/p>\n<p>&nbsp;<\/p>\n<p>HRT &#8211; Plodovi zemlje<\/p>\n<p><a href=\"https:\/\/youtu.be\/DPxd6k8safo?si=BHURaEalb49Tfsz7\">https:\/\/youtu.be\/DPxd6k8safo?si=BHURaEalb49Tfsz7<\/a><\/p>\n<p class=\"p1\"><span class=\"s2\">a ove godine sam ponovno u finalu izbora za najboljeg mladog poljoprirvednika, a koji \u0107e biti krajnji plasman\u2026ostaje da vidimo \ud83d\udc69\u200d\ud83c\udf3e<\/span><\/p>\n<p>U 2025. godini uvr\u0161tena sam me\u0111u 50 najuspje\u0161nijih mladih konzultanata na razini EU te sam prepoznata kao lokalni akter koji utje\u010de na regionalni razvoj od strane Instituta za razvoj i me\u0111unarodne odnose.\u00a0<a href=\"https:\/\/irmo.hr\/wp-content\/uploads\/2025\/02\/IRMO-aktualno-52.pdf\">https:\/\/irmo.hr\/wp-content\/uploads\/2025\/02\/IRMO-aktualno-52.pdf<\/a><\/p>\n<p class=\"p1\"><strong><span class=\"s1\">Koja je moja prednost kao konzultanta?<\/span><\/strong><\/p>\n<p class=\"p1\"><span class=\"s2\">Osim \u0161to cijelo vrijeme ula\u017eem u daljnje \u0161kolovanje u svojoj struci kako bi vam pru\u017eila najvi\u0161u razinu usluge, sve usluge koje ugovorite kod mene obavljam ja sama\u2026ne dajem ih raznim zaposlenicima koji u dana\u0161nje vrijeme mijenjaju poslove tako \u010desto da vam se zna dogoditi da vam je npr Marko pisao projekt pa dok ga vi potencijalno dobijete Marko je oti\u0161ao u drugu firmu pa vam ga novozaposlena npr Matea treba provoditi, a prije toga se mora upoznati sa slu\u010dajem i onda se vi nadate da \u0107e se ta Matea zadr\u017eati toliko dugo da vas poprati do kraja\u2026<\/span><\/p>\n<p class=\"p1\"><span class=\"s2\">Ovo je \u010dest slu\u010daj kod velikih firmi, osobno sam radila u jednoj\u2026pa znam kako to ide, a i velike firme najve\u0107u pa\u017enju pridaju velikim klijentima tipa op\u0107ine, iznimno veliki poduzetnici i sl pa znam \u010duti i osim \u010dinjenice da se zaposlenici stalno mijenjaju da \u0161efovi na inicijalnom razgovoru gdje nastoje ugovoriti posao (btw taj isti \u0161ef vam ne\u0107e pisati projekt ve\u0107 njegov zaposlenik), znaju nepripremljeni do\u0107i pa vas lo\u0161e informiraju \u0161to na kraju mo\u017ee zna\u010diti pad projekta\u2026<\/span><\/p>\n<p class=\"p1\"><span class=\"s2\">Ja sam prema svim svojim klijentima jednaka i nitko nema povlastice jedan pred drugim.<\/span><\/p>\n<p class=\"p1\"><strong><span class=\"s1\">I poruka za kraj\u2026<\/span><\/strong><\/p>\n<p class=\"p1\"><span class=\"s2\">Ako imate \u017eelje suprotne od mi\u0161ljenja ve\u0107ine, maknite te smetnje postrani da vam ne smetaju na putu do va\u0161ih snova\u2026i po mogu\u0107nosti neka vam put do snova bude ispra\u0107en sa sufinanciranjem iz EU fondova i uz konzultanta Ivanu koja \u0107e vam pomo\u0107i na putu do EU fondova \ud83e\udd13<\/span><\/p>\n<p>&nbsp;<\/p>\n<p class=\"p1\"><span class=\"s2\">Ivana Pavi\u0107, mag. oec.<\/span><\/p>\n<p class=\"p1\"><span class=\"s2\">+385 95 373 60 88<\/span><\/p>\n","protected":false},"excerpt":{"rendered":"<p>Info o meni Ivana Pavi\u0107\u2026magistra ekonomije, postdiplomac \u201cPriprema i provedba EU projekata\u201d, te uskoro novi magisterij iz poljoprivrede\u202610 godina radnog iskustva u struci\u2026primarna djelatnost &#8211; konzultant za EU fondove. Do 2019. godine \u017eivjela i radila u Zagrebu, a nakon toga odselila i pokrenula privatni posao &#8211; konzultant za EU fondove u mjestu koje broji 18&#8230;<\/p>\n","protected":false},"author":1,"featured_media":387,"parent":0,"menu_order":0,"comment_status":"closed","ping_status":"closed","template":"","meta":{"jetpack_post_was_ever_published":false,"footnotes":""},"class_list":["post-258","page","type-page","status-publish","has-post-thumbnail","hentry"],"jetpack_sharing_enabled":true,"jetpack-related-posts":[{"id":482,"url":"https:\/\/poljoprivrednica.hr\/?page_id=482","url_meta":{"origin":258,"position":0},"title":"Usluge koje nudim","author":"admin","date":"21 svibnja, 2024","format":false,"excerpt":"NOVO U PONUDI: - EU akademija - postani i ti konzultant za EU fondove - edukacije za poduzetnike po\u010detnike s osvrtom na potporu za samozapo\u0161ljavanje - edukacije o poreznim aspektima OPG-a\/obrta\/d.o.o.-a Kako je puno pote\u0161ko\u0107a na poljoprivrednome i poduzetni\u010dkome putu kao nastavak svoje dugogodi\u0161nje karijere na poslovima poreznog savjetovanja i\u2026","rel":"","context":"Srodne objave","block_context":{"text":"Srodne objave","link":""},"img":{"alt_text":"","src":"","width":0,"height":0},"classes":[]},{"id":42,"url":"https:\/\/poljoprivrednica.hr\/?page_id=42","url_meta":{"origin":258,"position":1},"title":"Reference","author":"admin","date":"24 listopada, 2023","format":false,"excerpt":"Prezime i ime PAVI\u0106, IVANA Adresa Slunj Mobilni telefon 095 3736088 E-mail info@poljoprivrednica.hr \u00a0 Radno iskustvo Potpredsjednica Udruge Projekt Kr\u0161 Rad na vra\u0107anju ekonomskog dostojanstva poljoprivrednika s kr\u0161a (do sada odr\u017eane 2. konferencije na tu temu) Vlasnica dru\u0161tva za pripremu i provedbu EU projekata Pavichland d.o.o. Gornje Primi\u0161lje 197, Slunj\u2026","rel":"","context":"Srodne objave","block_context":{"text":"Srodne objave","link":""},"img":{"alt_text":"","src":"https:\/\/i0.wp.com\/poljoprivrednica.hr\/wp-content\/uploads\/2023\/10\/unnamed-3.jpg?fit=857%2C1200&ssl=1&resize=350%2C200","width":350,"height":200,"srcset":"https:\/\/i0.wp.com\/poljoprivrednica.hr\/wp-content\/uploads\/2023\/10\/unnamed-3.jpg?fit=857%2C1200&ssl=1&resize=350%2C200 1x, https:\/\/i0.wp.com\/poljoprivrednica.hr\/wp-content\/uploads\/2023\/10\/unnamed-3.jpg?fit=857%2C1200&ssl=1&resize=525%2C300 1.5x, https:\/\/i0.wp.com\/poljoprivrednica.hr\/wp-content\/uploads\/2023\/10\/unnamed-3.jpg?fit=857%2C1200&ssl=1&resize=700%2C400 2x"},"classes":[]},{"id":139,"url":"https:\/\/poljoprivrednica.hr\/?page_id=139","url_meta":{"origin":258,"position":2},"title":"Pitanja i odgovori","author":"admin","date":"19 studenoga, 2023","format":false,"excerpt":"Mogu li kada sam \"usput\" svratiti do va\u0161eg ureda? Radno vrijeme ureda je isklju\u010divo po dogovoru, tako da nije mogu\u0107e \"usput\" svratiti do ureda. Za informiranje o slobodnom terminu za sastanak kontaktirajte na +385 95 3736088 (od 8.00 h do 17.00 h). \u00a0 I\u0161ao bi na fondove samo ako \u0107u\u2026","rel":"","context":"Srodne objave","block_context":{"text":"Srodne objave","link":""},"img":{"alt_text":"","src":"","width":0,"height":0},"classes":[]},{"id":277,"url":"https:\/\/poljoprivrednica.hr\/?page_id=277","url_meta":{"origin":258,"position":3},"title":"Iz medija o poljoprivrednici","author":"admin","date":"6 o\u017eujka, 2024","format":false,"excerpt":"HRT - Zov divljine - mini dokumentarna emisija o meni (mogu\u0107e pogledati reprizu putem aplikacije HRTi) Reporta\u017ea u emisiji \u201cPlodovi zemlje\u201d - HRT1 https:\/\/youtu.be\/DPxd6k8safo?si=BHURaEalb49Tfsz7 \u00a0 Publikacije:\u00a0 \u00a0 Publikacija Instituta za razvoj i me\u0111unarodne odnose - IRMO aktualno - uvr\u0161tavanje u lokalne aktere koji utje\u010du na regionalni razvoj\u00a0 - top 50\u2026","rel":"","context":"Srodne objave","block_context":{"text":"Srodne objave","link":""},"img":{"alt_text":"","src":"","width":0,"height":0},"classes":[]},{"id":71,"url":"https:\/\/poljoprivrednica.hr\/?page_id=71","url_meta":{"origin":258,"position":4},"title":"Kontakt","author":"admin","date":"24 listopada, 2023","format":false,"excerpt":"Mobilni telefon: +385 95 3736088 (od 8.00 h do 17.00 h) E-mail: pavichland@gmail.com (od 0.00h-24.00h) Adresa: Trg Zrinskih i Frankopana 23, 47240 Slunj (zgrada Fine, ulaz sa stra\u017enje strane, I. kat, crna vrata ravno) \u00a0 NAPOMENA: Radno vrijeme ureda je isklju\u010divo po dogovoru. Za informiranje o slobodnom terminu za sastanak\u2026","rel":"","context":"Srodne objave","block_context":{"text":"Srodne objave","link":""},"img":{"alt_text":"","src":"","width":0,"height":0},"classes":[]}],"_links":{"self":[{"href":"https:\/\/poljoprivrednica.hr\/index.php?rest_route=\/wp\/v2\/pages\/258","targetHints":{"allow":["GET"]}}],"collection":[{"href":"https:\/\/poljoprivrednica.hr\/index.php?rest_route=\/wp\/v2\/pages"}],"about":[{"href":"https:\/\/poljoprivrednica.hr\/index.php?rest_route=\/wp\/v2\/types\/page"}],"author":[{"embeddable":true,"href":"https:\/\/poljoprivrednica.hr\/index.php?rest_route=\/wp\/v2\/users\/1"}],"replies":[{"embeddable":true,"href":"https:\/\/poljoprivrednica.hr\/index.php?rest_route=%2Fwp%2Fv2%2Fcomments&post=258"}],"version-history":[{"count":7,"href":"https:\/\/poljoprivrednica.hr\/index.php?rest_route=\/wp\/v2\/pages\/258\/revisions"}],"predecessor-version":[{"id":651,"href":"https:\/\/poljoprivrednica.hr\/index.php?rest_route=\/wp\/v2\/pages\/258\/revisions\/651"}],"wp:featuredmedia":[{"embeddable":true,"href":"https:\/\/poljoprivrednica.hr\/index.php?rest_route=\/wp\/v2\/media\/387"}],"wp:attachment":[{"href":"https:\/\/poljoprivrednica.hr\/index.php?rest_route=%2Fwp%2Fv2%2Fmedia&parent=258"}],"curies":[{"name":"wp","href":"https:\/\/api.w.org\/{rel}","templated":true}]}}