{"id":139,"date":"2023-11-19T09:48:55","date_gmt":"2023-11-19T09:48:55","guid":{"rendered":"https:\/\/poljoprivrednica.hr\/?page_id=139"},"modified":"2024-03-06T17:15:57","modified_gmt":"2024-03-06T17:15:57","slug":"pitanja-i-odgovori","status":"publish","type":"page","link":"https:\/\/poljoprivrednica.hr\/?page_id=139","title":{"rendered":"Pitanja i odgovori"},"content":{"rendered":"<p><strong>Mogu li kada sam &#8220;usput&#8221; svratiti do va\u0161eg ureda?<\/strong><\/p>\n<p>Radno vrijeme ureda je isklju\u010divo po dogovoru, tako da nije mogu\u0107e &#8220;usput&#8221; svratiti do ureda.<\/p>\n<p>Za informiranje o slobodnom terminu za sastanak kontaktirajte na +385 95 3736088 (od 8.00 h do 17.00 h).<\/p>\n<p>&nbsp;<\/p>\n<p><strong>I\u0161ao bi na fondove samo ako \u0107u 100% pro\u0107i, mo\u017eete li mi to garantirati?<\/strong><\/p>\n<p>Svijet EU fondova napravljen je na principu NATJECANJA, \u0161to i proizlazi iz samog naziva &#8220;Natje\u010daj za mlade poljoprivrednike&#8221; i sl. Svi koji \u017eele dobiti novce od EU putem raznih EU fondova moraju se prvo prijaviti na natje\u010daj (sa svom obaveznom dokumentacijom i unutar propisanog roka prijava na \u017eeljeni natje\u010daj). Nakon zatvaranja prijava, sve pristigle prijave rangiraju se sukladno broju bodova koje ima svaki od prijavitelja. Zna\u010di, ho\u0107ete li dobiti EU fondove ovisi na\u010delno o 4 \u010dinjenice:<\/p>\n<p>1. \u010dinjenica &#8211; prijavili ste se na \u017eeljeni natje\u010daj za EU fondove sa propisanom obaveznom dokumentacijom i unutar propisanog roka prijava na \u017eeljeni natje\u010daj za EU fondove<\/p>\n<p>2. \u010dinjenica &#8211; ukupan broj bodova koji ste postigli prijavom na \u017eeljeni natje\u010daj (bodovi ovise od Natje\u010daja do Natje\u010daja i mogu se izra\u010dunati prije slanja prijave jer je dodjela bodova propisana Natje\u010dajem\/Pozivom\/Pravilnikom)<\/p>\n<p>3. \u010dinjenica &#8211; iznos ukupnog novca koje je APPRRR (kao posrednik) odlu\u010dila dodijeliti na \u017eeljenom natje\u010daju za EU fond na koji ste se prijavili<\/p>\n<p>4. \u010dinjenica i najbitnija gdje dolazimo do moga odgovora na ovo va\u0161e pitanje je &#8211; <strong>Broj ukupno prijavljenih &#8211; isti se se zna tek nakon zatvaranja prijava! <\/strong><\/p>\n<p><strong>Ovisno o broju ukupno priavljenih (s ispravnom prijavom) i va\u0161im bodovima ovisi da li \u0107ete dobiti novce iz EU fondova. <\/strong><\/p>\n<p><strong>Ja sam konzultant koji vam nakon pregleda va\u0161e projektne ideje koju \u017eelite prijaviti na \u017eeljeni natje\u010daj za EU fondove radi procjenu uspjeha va\u0161e prijave na temelju sli\u010dnih pro\u0161lih natje\u010daja u obliku semafora, gdje crveno ozna\u010dava da su vam po meni \u0161anse jako male da \u0107ete pro\u0107i, \u017euto &#8211; srednja mogu\u0107nost da \u0107ete pro\u0107i i zeleno &#8211; vrlo vjerovatno \u0107ete pro\u0107i&#8230;i za kraj, ja nisam ta koja dijeli novce pa tako ne mogu znati ho\u0107ete li ih 100% dobiti. Ne znaju niti u Ministarstvim\u2026<\/strong><\/p>\n<p><strong>Ukoliko je stanje semafora crveno za va\u0161u prijavu na aktualni Natje\u010daj, dobit \u0107ete i prijedlog Natje\u010daja na kojima bi bolje konkurirali, a sve s ciljem maksimiziranja \u0161ansi za dobivanjem projekta tj. kako bi se va\u0161 i moj trud isplatili.<\/strong><\/p>\n<p><strong>Nakon dobivanja moje procjene o statusu semafora za va\u0161u prijavu, vi odlu\u010dujete \u017eelite li i\u0107i s prijavom na aktualni Natje\u010daj ili bi ra\u0111e pri\u010dekali da iza\u0111e Natje\u010daj na kojem mo\u017eete bolje konkurirati.<\/strong><\/p>\n<p>&nbsp;<\/p>\n<p class=\"p1\"><strong><span class=\"s1\">Pla\u0107a li se \u201cunaprijed\u201d?<\/span><\/strong><\/p>\n<p class=\"p3\"><span class=\"s2\">Prijava na EU natje\u010daje je kako vremenski, a tako i sa znanjem izda\u0161na. <\/span><\/p>\n<p class=\"p3\"><span class=\"s2\">Osim \u0161to sam magistra ekonomije i na putu do magistre poljoprivrede, nastavljam se usavr\u0161avati na poslijediplomskom u Zagrebu &#8211; \u201cPriprema i provedba EU projekata\u201d kako bi ponudila najvi\u0161u razinu svoje usluge.<\/span><\/p>\n<p class=\"p3\"><span class=\"s2\">Moj kona\u010dni proizvod je usluga i ve\u0107ina toga se odradi putem interneta pa nije opipljiva kao npr. poljoprivredni proizvodi pa dolazi do zablude da bi isto trebalo biti besplatno dok vama Europa ne isplati novce na ra\u010dun. Isto kako sir, svinjsko meso i sl. imaju svoju cijenu i ja nikada ne pitam \u201cMo\u017ee li za besplatno?\u201d tako niti moja usluga nije besplatna i ne pla\u0107a se \u201cunaprijed\u201d nego se pla\u0107a cijena za tra\u017eenu i pru\u017eenu uslugu pripreme dokumentacije na \u017eeljeni EU natje\u010daj. Dodu\u0161e, pla\u0107anje ukupnog iznosa odvija se u dvije rate, prva je prije slanja prijave, a druga rata se pla\u0107a samo i isklju\u010divo ukoliko je poslana prijava na \u017eeljeni EU natje\u010daj rezultirala dobivanjem EU novaca. <\/span><\/p>\n<p class=\"p3\"><span class=\"s2\">Svi privre\u0111ujemo za \u017eivot zara\u0111ivanjem\u2026netko prodajom opipljivih proizvoda, netko zapo\u0161ljavanjem kod drugog, a neki sa uslugama poput moje, pa iz svega proizlazi da ne mogu besplatna i da moja usluga ima primjerenu cijenu.<\/span><\/p>\n<p class=\"p3\"><span class=\"s2\">Osim gornjeg, u pro\u0161losti mi se pokazalo da ukoliko dobijete \u0161ansu da unaprijed ne morate ni\u0161ta platiti, pripremamo projekte koje mo\u017eda i ne \u017eelite\/ne da vam se provesti, nemate zatvorenu financijsku konstrukciju i sl. \u0161to dovodi do toga da vama Europa \u017eeli dati novac jer ste zadovoljili sve njene uvjete sa <\/span>prijavom koju sam vam ja pripremila i onda vi odustajete i ostaje gorak okus zbog moga silnog truda danog u va\u0161u prijavu i utro\u0161enog vremena jer tada s lako\u0107om odustajete od EU novca jer niste ni\u0161ta riskirali.<\/p>\n<p class=\"p3\"><span class=\"s2\">Jedine kvalitetne prijave izrode se iz obostranih nastalih obaveza tako da prije ne\u0161to \u0161to pristupite igri natjecanja s EU fondovima prvo budite sigurni da to zaista i \u017eelite provesti i da imate zatvorenu financijsku konsktrukciju. O mogu\u0107nostima zatvaranja financijske konstrukcije raspravljamo, izme\u0111u ostalog, na mojim \u201cPripremama za EU fondove\u201d, a vi\u0161e detalja o istima mo\u017eete pro\u010ditati na <a href=\"https:\/\/poljoprivrednica.hr\/?p=21\">https:\/\/poljoprivrednica.hr\/?p=21<\/a><\/span><\/p>\n<p class=\"p3\"><span class=\"s2\">Za informaciju o cijeni moje usluge pripreme projektne dokumentacije na \u017eeljeni EU natje\u010daj mo\u017eete se obratiti na 0953736088.<\/span><\/p>\n","protected":false},"excerpt":{"rendered":"<p>Mogu li kada sam &#8220;usput&#8221; svratiti do va\u0161eg ureda? Radno vrijeme ureda je isklju\u010divo po dogovoru, tako da nije mogu\u0107e &#8220;usput&#8221; svratiti do ureda. Za informiranje o slobodnom terminu za sastanak kontaktirajte na +385 95 3736088 (od 8.00 h do 17.00 h). &nbsp; I\u0161ao bi na fondove samo ako \u0107u 100% pro\u0107i, mo\u017eete li mi&#8230;<\/p>\n","protected":false},"author":1,"featured_media":0,"parent":0,"menu_order":0,"comment_status":"closed","ping_status":"closed","template":"","meta":{"jetpack_post_was_ever_published":false,"footnotes":""},"class_list":["post-139","page","type-page","status-publish","hentry"],"jetpack_sharing_enabled":true,"jetpack-related-posts":[{"id":258,"url":"https:\/\/poljoprivrednica.hr\/?page_id=258","url_meta":{"origin":139,"position":0},"title":"Moja pri\u010da","author":"admin","date":"6 o\u017eujka, 2024","format":false,"excerpt":"Info o meni Ivana Pavi\u0107\u2026magistra ekonomije, postdiplomac \u201cPriprema i provedba EU projekata\u201d, te uskoro novi magisterij iz poljoprivrede\u202610 godina radnog iskustva u struci\u2026primarna djelatnost - konzultant za EU fondove. Do 2019. godine \u017eivjela i radila u Zagrebu, a nakon toga odselila i pokrenula privatni posao - konzultant za EU fondove\u2026","rel":"","context":"Srodne objave","block_context":{"text":"Srodne objave","link":""},"img":{"alt_text":"","src":"https:\/\/i0.wp.com\/poljoprivrednica.hr\/wp-content\/uploads\/2024\/04\/IMG_5448.jpeg?fit=1125%2C1103&ssl=1&resize=350%2C200","width":350,"height":200,"srcset":"https:\/\/i0.wp.com\/poljoprivrednica.hr\/wp-content\/uploads\/2024\/04\/IMG_5448.jpeg?fit=1125%2C1103&ssl=1&resize=350%2C200 1x, https:\/\/i0.wp.com\/poljoprivrednica.hr\/wp-content\/uploads\/2024\/04\/IMG_5448.jpeg?fit=1125%2C1103&ssl=1&resize=525%2C300 1.5x, https:\/\/i0.wp.com\/poljoprivrednica.hr\/wp-content\/uploads\/2024\/04\/IMG_5448.jpeg?fit=1125%2C1103&ssl=1&resize=700%2C400 2x, https:\/\/i0.wp.com\/poljoprivrednica.hr\/wp-content\/uploads\/2024\/04\/IMG_5448.jpeg?fit=1125%2C1103&ssl=1&resize=1050%2C600 3x"},"classes":[]},{"id":482,"url":"https:\/\/poljoprivrednica.hr\/?page_id=482","url_meta":{"origin":139,"position":1},"title":"Usluge koje nudim","author":"admin","date":"21 svibnja, 2024","format":false,"excerpt":"NOVO U PONUDI: - EU akademija - postani i ti konzultant za EU fondove - edukacije za poduzetnike po\u010detnike s osvrtom na potporu za samozapo\u0161ljavanje - edukacije o poreznim aspektima OPG-a\/obrta\/d.o.o.-a Kako je puno pote\u0161ko\u0107a na poljoprivrednome i poduzetni\u010dkome putu kao nastavak svoje dugogodi\u0161nje karijere na poslovima poreznog savjetovanja i\u2026","rel":"","context":"Srodne objave","block_context":{"text":"Srodne objave","link":""},"img":{"alt_text":"","src":"","width":0,"height":0},"classes":[]},{"id":42,"url":"https:\/\/poljoprivrednica.hr\/?page_id=42","url_meta":{"origin":139,"position":2},"title":"Reference","author":"admin","date":"24 listopada, 2023","format":false,"excerpt":"Prezime i ime PAVI\u0106, IVANA Adresa Slunj Mobilni telefon 095 3736088 E-mail info@poljoprivrednica.hr \u00a0 Radno iskustvo Potpredsjednica Udruge Projekt Kr\u0161 Rad na vra\u0107anju ekonomskog dostojanstva poljoprivrednika s kr\u0161a (do sada odr\u017eane 2. konferencije na tu temu) Vlasnica dru\u0161tva za pripremu i provedbu EU projekata Pavichland d.o.o. Gornje Primi\u0161lje 197, Slunj\u2026","rel":"","context":"Srodne objave","block_context":{"text":"Srodne objave","link":""},"img":{"alt_text":"","src":"https:\/\/i0.wp.com\/poljoprivrednica.hr\/wp-content\/uploads\/2023\/10\/unnamed-3.jpg?fit=857%2C1200&ssl=1&resize=350%2C200","width":350,"height":200,"srcset":"https:\/\/i0.wp.com\/poljoprivrednica.hr\/wp-content\/uploads\/2023\/10\/unnamed-3.jpg?fit=857%2C1200&ssl=1&resize=350%2C200 1x, https:\/\/i0.wp.com\/poljoprivrednica.hr\/wp-content\/uploads\/2023\/10\/unnamed-3.jpg?fit=857%2C1200&ssl=1&resize=525%2C300 1.5x, https:\/\/i0.wp.com\/poljoprivrednica.hr\/wp-content\/uploads\/2023\/10\/unnamed-3.jpg?fit=857%2C1200&ssl=1&resize=700%2C400 2x"},"classes":[]},{"id":277,"url":"https:\/\/poljoprivrednica.hr\/?page_id=277","url_meta":{"origin":139,"position":3},"title":"Iz medija o poljoprivrednici","author":"admin","date":"6 o\u017eujka, 2024","format":false,"excerpt":"HRT - Zov divljine - mini dokumentarna emisija o meni (mogu\u0107e pogledati reprizu putem aplikacije HRTi) Reporta\u017ea u emisiji \u201cPlodovi zemlje\u201d - HRT1 https:\/\/youtu.be\/DPxd6k8safo?si=BHURaEalb49Tfsz7 \u00a0 Publikacije:\u00a0 \u00a0 Publikacija Instituta za razvoj i me\u0111unarodne odnose - IRMO aktualno - uvr\u0161tavanje u lokalne aktere koji utje\u010du na regionalni razvoj\u00a0 - top 50\u2026","rel":"","context":"Srodne objave","block_context":{"text":"Srodne objave","link":""},"img":{"alt_text":"","src":"","width":0,"height":0},"classes":[]},{"id":71,"url":"https:\/\/poljoprivrednica.hr\/?page_id=71","url_meta":{"origin":139,"position":4},"title":"Kontakt","author":"admin","date":"24 listopada, 2023","format":false,"excerpt":"Mobilni telefon: +385 95 3736088 (od 8.00 h do 17.00 h) E-mail: pavichland@gmail.com (od 0.00h-24.00h) Adresa: Trg Zrinskih i Frankopana 23, 47240 Slunj (zgrada Fine, ulaz sa stra\u017enje strane, I. kat, crna vrata ravno) \u00a0 NAPOMENA: Radno vrijeme ureda je isklju\u010divo po dogovoru. Za informiranje o slobodnom terminu za sastanak\u2026","rel":"","context":"Srodne objave","block_context":{"text":"Srodne objave","link":""},"img":{"alt_text":"","src":"","width":0,"height":0},"classes":[]}],"_links":{"self":[{"href":"https:\/\/poljoprivrednica.hr\/index.php?rest_route=\/wp\/v2\/pages\/139","targetHints":{"allow":["GET"]}}],"collection":[{"href":"https:\/\/poljoprivrednica.hr\/index.php?rest_route=\/wp\/v2\/pages"}],"about":[{"href":"https:\/\/poljoprivrednica.hr\/index.php?rest_route=\/wp\/v2\/types\/page"}],"author":[{"embeddable":true,"href":"https:\/\/poljoprivrednica.hr\/index.php?rest_route=\/wp\/v2\/users\/1"}],"replies":[{"embeddable":true,"href":"https:\/\/poljoprivrednica.hr\/index.php?rest_route=%2Fwp%2Fv2%2Fcomments&post=139"}],"version-history":[{"count":9,"href":"https:\/\/poljoprivrednica.hr\/index.php?rest_route=\/wp\/v2\/pages\/139\/revisions"}],"predecessor-version":[{"id":256,"href":"https:\/\/poljoprivrednica.hr\/index.php?rest_route=\/wp\/v2\/pages\/139\/revisions\/256"}],"wp:attachment":[{"href":"https:\/\/poljoprivrednica.hr\/index.php?rest_route=%2Fwp%2Fv2%2Fmedia&parent=139"}],"curies":[{"name":"wp","href":"https:\/\/api.w.org\/{rel}","templated":true}]}}